{"id":954,"date":"2021-03-22T12:07:18","date_gmt":"2021-03-22T12:07:18","guid":{"rendered":"https:\/\/stage.startertemplatecloud.com\/g08\/?page_id=954"},"modified":"2023-04-28T08:55:01","modified_gmt":"2023-04-28T08:55:01","slug":"kontakt","status":"publish","type":"page","link":"https:\/\/www.organiccoffee.pl\/index.php\/kontakt\/","title":{"rendered":"KONTAKT"},"content":{"rendered":"<style>.kb-row-layout-id_600a9d-3a > .kt-row-column-wrap{align-content:center;}:where(.kb-row-layout-id_600a9d-3a > .kt-row-column-wrap) > .wp-block-kadence-column{justify-content:center;}.kb-row-layout-id_600a9d-3a > .kt-row-column-wrap{column-gap:var(--global-kb-gap-none, 0rem );row-gap:var(--global-kb-gap-none, 0rem );max-width:1140px;margin-left:auto;margin-right:auto;padding-top:80px;padding-right:0px;padding-bottom:70px;padding-left:0px;grid-template-columns:minmax(0, 1fr);}.kb-row-layout-id_600a9d-3a > .kt-row-layout-overlay{opacity:0.30;}@media all and (max-width: 1024px){.kb-row-layout-wrap.wp-block-kadence-rowlayout.kb-row-layout-id_600a9d-3a{margin-top:0px;margin-bottom:4px;}}@media all and (max-width: 1024px){.kb-row-layout-id_600a9d-3a > .kt-row-column-wrap{padding-top:60px;padding-right:40px;padding-bottom:0px;padding-left:40px;grid-template-columns:minmax(0, 1fr);}}@media all and (max-width: 767px){.kb-row-layout-id_600a9d-3a > .kt-row-column-wrap{padding-top:60px;padding-right:0px;padding-bottom:0px;padding-left:0px;grid-template-columns:minmax(0, 1fr);}}<\/style><div class=\"kb-row-layout-wrap kb-row-layout-id_600a9d-3a alignnone wp-block-kadence-rowlayout\"><div class=\"kt-row-column-wrap kt-has-1-columns kt-row-layout-equal kt-tab-layout-inherit kt-mobile-layout-row kt-row-valign-middle\">\n<style>.kadence-column_f2f297-e0 > .kt-inside-inner-col,.kadence-column_f2f297-e0 > .kt-inside-inner-col:before{border-top-left-radius:0px;border-top-right-radius:0px;border-bottom-right-radius:0px;border-bottom-left-radius:0px;}.kadence-column_f2f297-e0 > .kt-inside-inner-col{column-gap:var(--global-kb-gap-sm, 1rem);}.kadence-column_f2f297-e0 > .kt-inside-inner-col{flex-direction:column;}.kadence-column_f2f297-e0 > .kt-inside-inner-col > .aligncenter{width:100%;}.kadence-column_f2f297-e0 > .kt-inside-inner-col:before{opacity:0.3;}.kadence-column_f2f297-e0{position:relative;}@media all and (max-width: 1024px){.kadence-column_f2f297-e0 > .kt-inside-inner-col{flex-direction:column;justify-content:center;}}@media all and (max-width: 767px){.kadence-column_f2f297-e0 > .kt-inside-inner-col{flex-direction:column;justify-content:center;}}<\/style>\n<div class=\"wp-block-kadence-column kadence-column_f2f297-e0 inner-column-1\"><div class=\"kt-inside-inner-col\"><style>.kb-row-layout-wrap.wp-block-kadence-rowlayout.kb-row-layout-id_78de03-4f{margin-top:0px;margin-bottom:0px;}.kb-row-layout-id_78de03-4f > .kt-row-column-wrap{align-content:start;}:where(.kb-row-layout-id_78de03-4f > .kt-row-column-wrap) > .wp-block-kadence-column{justify-content:start;}.kb-row-layout-id_78de03-4f > .kt-row-column-wrap{column-gap:var(--global-kb-gap-none, 0rem );row-gap:var(--global-kb-gap-md, 2rem);max-width:1140px;margin-left:auto;margin-right:auto;padding-top:0px;padding-right:0px;padding-bottom:0px;padding-left:0px;}.kb-row-layout-id_78de03-4f > .kt-row-column-wrap > div:not(.added-for-specificity){grid-column:initial;}.kb-row-layout-id_78de03-4f > .kt-row-column-wrap{grid-template-columns:repeat(3, minmax(0, 1fr));}.kb-row-layout-id_78de03-4f > .kt-row-layout-overlay{opacity:0.30;}@media all and (max-width: 1024px){.kb-row-layout-wrap.wp-block-kadence-rowlayout.kb-row-layout-id_78de03-4f{margin-top:0px;margin-bottom:0px;}}@media all and (max-width: 1024px){.kb-row-layout-id_78de03-4f > .kt-row-column-wrap{padding-top:30px;padding-right:0px;padding-bottom:0px;padding-left:0px;grid-template-columns:minmax(0, 1fr);}}@media all and (max-width: 1024px){.kb-row-layout-id_78de03-4f > .kt-row-column-wrap > div:not(.added-for-specificity){grid-column:initial;}}@media all and (max-width: 767px){.kb-row-layout-id_78de03-4f > .kt-row-column-wrap > div:not(.added-for-specificity){grid-column:initial;}.kb-row-layout-id_78de03-4f > .kt-row-column-wrap{grid-template-columns:minmax(0, 1fr);}}<\/style><div class=\"kb-row-layout-wrap kb-row-layout-id_78de03-4f alignnone wp-block-kadence-rowlayout\"><div class=\"kt-row-column-wrap kt-has-3-columns kt-row-layout-equal kt-tab-layout-row kt-mobile-layout-row kt-row-valign-top\">\n<style>.kadence-column_356695-56 > .kt-inside-inner-col{padding-top:10px;padding-right:10px;padding-bottom:10px;padding-left:10px;}.kadence-column_356695-56 > .kt-inside-inner-col{border-right:1px solid var(--global-palette7, #EDF2F7);}.kadence-column_356695-56 > .kt-inside-inner-col,.kadence-column_356695-56 > .kt-inside-inner-col:before{border-top-left-radius:0px;border-top-right-radius:0px;border-bottom-right-radius:0px;border-bottom-left-radius:0px;}.kadence-column_356695-56 > .kt-inside-inner-col{column-gap:var(--global-kb-gap-sm, 1rem);}.kadence-column_356695-56 > .kt-inside-inner-col{flex-direction:column;}.kadence-column_356695-56 > .kt-inside-inner-col > .aligncenter{width:100%;}.kadence-column_356695-56 > .kt-inside-inner-col:before{opacity:0.3;}.kadence-column_356695-56{position:relative;}@media all and (max-width: 1024px){.kadence-column_356695-56 > .kt-inside-inner-col{border-right:1px solid var(--global-palette7, #EDF2F7);flex-direction:column;justify-content:center;}}@media all and (max-width: 767px){.kadence-column_356695-56 > .kt-inside-inner-col{border-right:1px solid var(--global-palette7, #EDF2F7);flex-direction:column;justify-content:center;}}<\/style>\n<div class=\"wp-block-kadence-column kadence-column_356695-56 inner-column-1\"><div class=\"kt-inside-inner-col\"><style>.wp-block-kadence-advancedheading.kt-adv-heading_1d6a99-71, .wp-block-kadence-advancedheading.kt-adv-heading_1d6a99-71[data-kb-block=\"kb-adv-heading_1d6a99-71\"]{margin-bottom:28px;text-align:center;font-size:16px;line-height:16px;font-style:normal;}.wp-block-kadence-advancedheading.kt-adv-heading_1d6a99-71 mark.kt-highlight, .wp-block-kadence-advancedheading.kt-adv-heading_1d6a99-71[data-kb-block=\"kb-adv-heading_1d6a99-71\"] mark.kt-highlight{font-style:normal;color:#f76a0c;-webkit-box-decoration-break:clone;box-decoration-break:clone;padding-top:0px;padding-right:0px;padding-bottom:0px;padding-left:0px;}.wp-block-kadence-advancedheading.kt-adv-heading_1d6a99-71 img.kb-inline-image, .wp-block-kadence-advancedheading.kt-adv-heading_1d6a99-71[data-kb-block=\"kb-adv-heading_1d6a99-71\"] img.kb-inline-image{width:150px;vertical-align:baseline;}<\/style>\n<h6 class=\"kt-adv-heading_1d6a99-71 wp-block-kadence-advancedheading has-theme-palette-1-color has-text-color\" data-kb-block=\"kb-adv-heading_1d6a99-71\">Krak\u00f3w<\/h6>\n\n\n<style>.wp-block-kadence-advancedheading.kt-adv-heading_a6020e-0a, .wp-block-kadence-advancedheading.kt-adv-heading_a6020e-0a[data-kb-block=\"kb-adv-heading_a6020e-0a\"]{margin-top:0px;margin-right:0px;margin-bottom:0px;margin-left:0px;text-align:center;font-style:normal;}.wp-block-kadence-advancedheading.kt-adv-heading_a6020e-0a mark.kt-highlight, .wp-block-kadence-advancedheading.kt-adv-heading_a6020e-0a[data-kb-block=\"kb-adv-heading_a6020e-0a\"] mark.kt-highlight{font-style:normal;color:#f76a0c;-webkit-box-decoration-break:clone;box-decoration-break:clone;padding-top:0px;padding-right:0px;padding-bottom:0px;padding-left:0px;}.wp-block-kadence-advancedheading.kt-adv-heading_a6020e-0a img.kb-inline-image, .wp-block-kadence-advancedheading.kt-adv-heading_a6020e-0a[data-kb-block=\"kb-adv-heading_a6020e-0a\"] img.kb-inline-image{width:150px;vertical-align:baseline;}<\/style>\n<p class=\"kt-adv-heading_a6020e-0a wp-block-kadence-advancedheading\" data-kb-block=\"kb-adv-heading_a6020e-0a\">Al. 3 Maja 11 a<\/p>\n\n\n<style>.wp-block-kadence-advancedheading.kt-adv-heading_c714dd-e3, .wp-block-kadence-advancedheading.kt-adv-heading_c714dd-e3[data-kb-block=\"kb-adv-heading_c714dd-e3\"]{margin-top:0px;margin-right:0px;margin-bottom:0px;margin-left:0px;text-align:center;font-style:normal;}.wp-block-kadence-advancedheading.kt-adv-heading_c714dd-e3 mark.kt-highlight, .wp-block-kadence-advancedheading.kt-adv-heading_c714dd-e3[data-kb-block=\"kb-adv-heading_c714dd-e3\"] mark.kt-highlight{font-style:normal;color:#f76a0c;-webkit-box-decoration-break:clone;box-decoration-break:clone;padding-top:0px;padding-right:0px;padding-bottom:0px;padding-left:0px;}.wp-block-kadence-advancedheading.kt-adv-heading_c714dd-e3 img.kb-inline-image, .wp-block-kadence-advancedheading.kt-adv-heading_c714dd-e3[data-kb-block=\"kb-adv-heading_c714dd-e3\"] img.kb-inline-image{width:150px;vertical-align:baseline;}<\/style>\n<p class=\"kt-adv-heading_c714dd-e3 wp-block-kadence-advancedheading\" data-kb-block=\"kb-adv-heading_c714dd-e3\">+ 48 730 202 232<\/p>\n\n\n<style>.wp-block-kadence-advancedheading.kt-adv-heading_e92a30-6a, .wp-block-kadence-advancedheading.kt-adv-heading_e92a30-6a[data-kb-block=\"kb-adv-heading_e92a30-6a\"]{margin-top:0px;margin-right:0px;margin-bottom:0px;margin-left:0px;text-align:center;font-style:normal;}.wp-block-kadence-advancedheading.kt-adv-heading_e92a30-6a mark.kt-highlight, .wp-block-kadence-advancedheading.kt-adv-heading_e92a30-6a[data-kb-block=\"kb-adv-heading_e92a30-6a\"] mark.kt-highlight{font-style:normal;color:#f76a0c;-webkit-box-decoration-break:clone;box-decoration-break:clone;padding-top:0px;padding-right:0px;padding-bottom:0px;padding-left:0px;}.wp-block-kadence-advancedheading.kt-adv-heading_e92a30-6a img.kb-inline-image, .wp-block-kadence-advancedheading.kt-adv-heading_e92a30-6a[data-kb-block=\"kb-adv-heading_e92a30-6a\"] img.kb-inline-image{width:150px;vertical-align:baseline;}<\/style>\n<p class=\"kt-adv-heading_e92a30-6a wp-block-kadence-advancedheading\" data-kb-block=\"kb-adv-heading_e92a30-6a\">ania@2borganic.pl<\/p>\n\n\n\n<p class=\"has-text-align-center\">                  agnieszka@2borganic.pl<\/p>\n<\/div><\/div>\n\n\n<style>.kadence-column_e8d2c3-64 > .kt-inside-inner-col{padding-top:10px;padding-right:10px;padding-bottom:10px;padding-left:10px;}.kadence-column_e8d2c3-64 > .kt-inside-inner-col{border-right:1px solid var(--global-palette7, #EDF2F7);}.kadence-column_e8d2c3-64 > .kt-inside-inner-col,.kadence-column_e8d2c3-64 > .kt-inside-inner-col:before{border-top-left-radius:0px;border-top-right-radius:0px;border-bottom-right-radius:0px;border-bottom-left-radius:0px;}.kadence-column_e8d2c3-64 > .kt-inside-inner-col{column-gap:var(--global-kb-gap-sm, 1rem);}.kadence-column_e8d2c3-64 > .kt-inside-inner-col{flex-direction:column;}.kadence-column_e8d2c3-64 > .kt-inside-inner-col > .aligncenter{width:100%;}.kadence-column_e8d2c3-64 > .kt-inside-inner-col:before{opacity:0.3;}.kadence-column_e8d2c3-64{position:relative;}@media all and (max-width: 1024px){.kadence-column_e8d2c3-64 > .kt-inside-inner-col{border-right:1px solid var(--global-palette7, #EDF2F7);flex-direction:column;justify-content:center;}}@media all and (max-width: 767px){.kadence-column_e8d2c3-64 > .kt-inside-inner-col{border-right:1px solid var(--global-palette7, #EDF2F7);flex-direction:column;justify-content:center;}}<\/style>\n<div class=\"wp-block-kadence-column kadence-column_e8d2c3-64 inner-column-2\"><div class=\"kt-inside-inner-col\"><\/div><\/div>\n\n\n<style>.kadence-column_fb9af2-03 > .kt-inside-inner-col,.kadence-column_fb9af2-03 > .kt-inside-inner-col:before{border-top-left-radius:0px;border-top-right-radius:0px;border-bottom-right-radius:0px;border-bottom-left-radius:0px;}.kadence-column_fb9af2-03 > .kt-inside-inner-col{column-gap:var(--global-kb-gap-sm, 1rem);}.kadence-column_fb9af2-03 > .kt-inside-inner-col{flex-direction:column;}.kadence-column_fb9af2-03 > .kt-inside-inner-col > .aligncenter{width:100%;}.kadence-column_fb9af2-03 > .kt-inside-inner-col:before{opacity:0.3;}.kadence-column_fb9af2-03{position:relative;}@media all and (max-width: 1024px){.kadence-column_fb9af2-03 > .kt-inside-inner-col{flex-direction:column;justify-content:center;}}@media all and (max-width: 767px){.kadence-column_fb9af2-03 > .kt-inside-inner-col{flex-direction:column;justify-content:center;}}<\/style>\n<div class=\"wp-block-kadence-column kadence-column_fb9af2-03\"><div class=\"kt-inside-inner-col\"><\/div><\/div>\n\n<\/div><\/div>\n\n<style>.kb-row-layout-wrap.wp-block-kadence-rowlayout.kb-row-layout-id_2fba24-9d{margin-top:110px;margin-bottom:0px;}.kb-row-layout-id_2fba24-9d > .kt-row-column-wrap{align-content:start;}:where(.kb-row-layout-id_2fba24-9d > .kt-row-column-wrap) > .wp-block-kadence-column{justify-content:start;}.kb-row-layout-id_2fba24-9d > .kt-row-column-wrap{column-gap:var(--global-kb-gap-none, 0rem );row-gap:var(--global-kb-gap-none, 0rem );max-width:1140px;margin-left:auto;margin-right:auto;padding-top:0px;padding-right:0px;padding-bottom:0px;padding-left:0px;grid-template-columns:repeat(2, minmax(0, 1fr));}.kb-row-layout-id_2fba24-9d > .kt-row-layout-overlay{opacity:0.30;}@media all and (max-width: 1024px){.kb-row-layout-wrap.wp-block-kadence-rowlayout.kb-row-layout-id_2fba24-9d{margin-top:70px;margin-bottom:0px;}}@media all and (max-width: 1024px){.kb-row-layout-id_2fba24-9d > .kt-row-column-wrap{grid-template-columns:minmax(0, 1fr);}}@media all and (max-width: 767px){.kb-row-layout-id_2fba24-9d > .kt-row-column-wrap{padding-top:0px;padding-right:15px;padding-bottom:0px;padding-left:15px;grid-template-columns:minmax(0, 1fr);}}<\/style><div class=\"kb-row-layout-wrap kb-row-layout-id_2fba24-9d alignnone wp-block-kadence-rowlayout\"><div class=\"kt-row-column-wrap kt-has-2-columns kt-row-layout-equal kt-tab-layout-row kt-mobile-layout-row kt-row-valign-top\">\n<style>.kadence-column_4c3499-4d > .kt-inside-inner-col{padding-top:10px;padding-right:10px;padding-bottom:10px;padding-left:10px;}.kadence-column_4c3499-4d > .kt-inside-inner-col,.kadence-column_4c3499-4d > .kt-inside-inner-col:before{border-top-left-radius:0px;border-top-right-radius:0px;border-bottom-right-radius:0px;border-bottom-left-radius:0px;}.kadence-column_4c3499-4d > .kt-inside-inner-col{column-gap:var(--global-kb-gap-sm, 1rem);}.kadence-column_4c3499-4d > .kt-inside-inner-col{flex-direction:column;}.kadence-column_4c3499-4d > .kt-inside-inner-col > .aligncenter{width:100%;}.kadence-column_4c3499-4d > .kt-inside-inner-col:before{opacity:0.3;}.kadence-column_4c3499-4d{position:relative;}.kadence-column_4c3499-4d, .kt-inside-inner-col > .kadence-column_4c3499-4d:not(.specificity){margin-top:0px;margin-right:60px;margin-bottom:0px;margin-left:0px;}@media all and (max-width: 1024px){.kadence-column_4c3499-4d > .kt-inside-inner-col{flex-direction:column;justify-content:center;}}@media all and (max-width: 1024px){.kadence-column_4c3499-4d, .kt-inside-inner-col > .kadence-column_4c3499-4d:not(.specificity){margin-top:0px;margin-right:0px;margin-bottom:0px;margin-left:0px;}}@media all and (max-width: 767px){.kadence-column_4c3499-4d > .kt-inside-inner-col{flex-direction:column;justify-content:center;}}<\/style>\n<div class=\"wp-block-kadence-column kadence-column_4c3499-4d inner-column-1\"><div class=\"kt-inside-inner-col\"><style>.wp-block-kadence-advancedheading.kt-adv-heading_e828dd-76, .wp-block-kadence-advancedheading.kt-adv-heading_e828dd-76[data-kb-block=\"kb-adv-heading_e828dd-76\"]{margin-bottom:28px;font-style:normal;}.wp-block-kadence-advancedheading.kt-adv-heading_e828dd-76 mark.kt-highlight, .wp-block-kadence-advancedheading.kt-adv-heading_e828dd-76[data-kb-block=\"kb-adv-heading_e828dd-76\"] mark.kt-highlight{font-style:normal;color:#f76a0c;-webkit-box-decoration-break:clone;box-decoration-break:clone;padding-top:0px;padding-right:0px;padding-bottom:0px;padding-left:0px;}.wp-block-kadence-advancedheading.kt-adv-heading_e828dd-76 img.kb-inline-image, .wp-block-kadence-advancedheading.kt-adv-heading_e828dd-76[data-kb-block=\"kb-adv-heading_e828dd-76\"] img.kb-inline-image{width:150px;vertical-align:baseline;}@media all and (max-width: 1024px){.wp-block-kadence-advancedheading.kt-adv-heading_e828dd-76, .wp-block-kadence-advancedheading.kt-adv-heading_e828dd-76[data-kb-block=\"kb-adv-heading_e828dd-76\"]{text-align:center!important;}}<\/style>\n<h6 class=\"kt-adv-heading_e828dd-76 wp-block-kadence-advancedheading has-theme-palette-1-color has-text-color\" data-kb-block=\"kb-adv-heading_e828dd-76\">kontakt z nami<\/h6>\n\n\n<style>.wp-block-kadence-advancedheading.kt-adv-heading_16b70c-41, .wp-block-kadence-advancedheading.kt-adv-heading_16b70c-41[data-kb-block=\"kb-adv-heading_16b70c-41\"]{margin-bottom:35px;line-height:1.3em;font-style:normal;}.wp-block-kadence-advancedheading.kt-adv-heading_16b70c-41 mark.kt-highlight, .wp-block-kadence-advancedheading.kt-adv-heading_16b70c-41[data-kb-block=\"kb-adv-heading_16b70c-41\"] mark.kt-highlight{font-style:normal;color:#f76a0c;-webkit-box-decoration-break:clone;box-decoration-break:clone;padding-top:0px;padding-right:0px;padding-bottom:0px;padding-left:0px;}.wp-block-kadence-advancedheading.kt-adv-heading_16b70c-41 img.kb-inline-image, .wp-block-kadence-advancedheading.kt-adv-heading_16b70c-41[data-kb-block=\"kb-adv-heading_16b70c-41\"] img.kb-inline-image{width:150px;vertical-align:baseline;}@media all and (max-width: 1024px){.wp-block-kadence-advancedheading.kt-adv-heading_16b70c-41, .wp-block-kadence-advancedheading.kt-adv-heading_16b70c-41[data-kb-block=\"kb-adv-heading_16b70c-41\"]{text-align:center!important;}}<\/style>\n<h2 class=\"kt-adv-heading_16b70c-41 wp-block-kadence-advancedheading\" data-kb-block=\"kb-adv-heading_16b70c-41\">Masz pytanie?<\/h2>\n\n\n<style>.wp-block-kadence-advancedheading.kt-adv-heading_516423-81, .wp-block-kadence-advancedheading.kt-adv-heading_516423-81[data-kb-block=\"kb-adv-heading_516423-81\"]{font-style:normal;}.wp-block-kadence-advancedheading.kt-adv-heading_516423-81 mark.kt-highlight, .wp-block-kadence-advancedheading.kt-adv-heading_516423-81[data-kb-block=\"kb-adv-heading_516423-81\"] mark.kt-highlight{font-style:normal;color:#f76a0c;-webkit-box-decoration-break:clone;box-decoration-break:clone;padding-top:0px;padding-right:0px;padding-bottom:0px;padding-left:0px;}.wp-block-kadence-advancedheading.kt-adv-heading_516423-81 img.kb-inline-image, .wp-block-kadence-advancedheading.kt-adv-heading_516423-81[data-kb-block=\"kb-adv-heading_516423-81\"] img.kb-inline-image{width:150px;vertical-align:baseline;}@media all and (max-width: 1024px){.wp-block-kadence-advancedheading.kt-adv-heading_516423-81, .wp-block-kadence-advancedheading.kt-adv-heading_516423-81[data-kb-block=\"kb-adv-heading_516423-81\"]{text-align:center!important;}}<\/style>\n<p class=\"kt-adv-heading_516423-81 wp-block-kadence-advancedheading\" data-kb-block=\"kb-adv-heading_516423-81\">Napisz do Nas, a ch\u0119tnie odpowiemy na wszystkie pytania. <br>Wy\u015blij maila na podany powy\u017cej adres mailowy.<\/p>\n\n\n<style>.wp-block-kadence-advancedheading.kt-adv-heading_837b0e-34, .wp-block-kadence-advancedheading.kt-adv-heading_837b0e-34[data-kb-block=\"kb-adv-heading_837b0e-34\"]{font-style:normal;}.wp-block-kadence-advancedheading.kt-adv-heading_837b0e-34 mark.kt-highlight, .wp-block-kadence-advancedheading.kt-adv-heading_837b0e-34[data-kb-block=\"kb-adv-heading_837b0e-34\"] mark.kt-highlight{font-style:normal;color:#f76a0c;-webkit-box-decoration-break:clone;box-decoration-break:clone;padding-top:0px;padding-right:0px;padding-bottom:0px;padding-left:0px;}.wp-block-kadence-advancedheading.kt-adv-heading_837b0e-34 img.kb-inline-image, .wp-block-kadence-advancedheading.kt-adv-heading_837b0e-34[data-kb-block=\"kb-adv-heading_837b0e-34\"] img.kb-inline-image{width:150px;vertical-align:baseline;}@media all and (max-width: 1024px){.wp-block-kadence-advancedheading.kt-adv-heading_837b0e-34, .wp-block-kadence-advancedheading.kt-adv-heading_837b0e-34[data-kb-block=\"kb-adv-heading_837b0e-34\"]{text-align:center!important;}}<\/style>\n<p class=\"kt-adv-heading_837b0e-34 wp-block-kadence-advancedheading\" data-kb-block=\"kb-adv-heading_837b0e-34\">Do zobaczenia w Organic Coffee &amp; more&#8230;<\/p>\n<\/div><\/div>\n\n\n<style>.kadence-column_d8fced-df > .kt-inside-inner-col{padding-top:20px;padding-right:20px;padding-bottom:20px;padding-left:20px;}.kadence-column_d8fced-df > .kt-inside-inner-col,.kadence-column_d8fced-df > .kt-inside-inner-col:before{border-top-left-radius:0px;border-top-right-radius:0px;border-bottom-right-radius:0px;border-bottom-left-radius:0px;}.kadence-column_d8fced-df > .kt-inside-inner-col{column-gap:var(--global-kb-gap-sm, 1rem);}.kadence-column_d8fced-df > .kt-inside-inner-col{flex-direction:column;}.kadence-column_d8fced-df > .kt-inside-inner-col > .aligncenter{width:100%;}.kadence-column_d8fced-df > .kt-inside-inner-col{background-color:#ffffff;}.kadence-column_d8fced-df > .kt-inside-inner-col:before{opacity:0.3;}.kadence-column_d8fced-df{position:relative;}@media all and (max-width: 1024px){.kadence-column_d8fced-df > .kt-inside-inner-col{flex-direction:column;justify-content:center;}}@media all and (max-width: 767px){.kadence-column_d8fced-df > .kt-inside-inner-col{flex-direction:column;justify-content:center;}}<\/style>\n<div class=\"wp-block-kadence-column kadence-column_d8fced-df kadence-column_767c64-6b\"><div class=\"kt-inside-inner-col\"><\/div><\/div>\n\n<\/div><\/div><\/div><\/div>\n\n<\/div><\/div>\n\n","protected":false},"excerpt":{"rendered":"<p>Krak\u00f3w Al. 3 Maja 11 a + 48 730 202 232 ania@2borganic.pl agnieszka@2borganic.pl kontakt z nami Masz pytanie? Napisz do Nas, a ch\u0119tnie odpowiemy na wszystkie pytania. Wy\u015blij maila na podany powy\u017cej adres mailowy. Do zobaczenia w Organic Coffee &amp; more&#8230;<\/p>\n","protected":false},"author":1,"featured_media":1211,"parent":0,"menu_order":0,"comment_status":"closed","ping_status":"closed","template":"","meta":{"_themeisle_gutenberg_block_has_review":false,"_kadence_starter_templates_imported_post":true,"_kad_post_transparent":"","_kad_post_title":"","_kad_post_layout":"fullwidth","_kad_post_sidebar_id":"","_kad_post_content_style":"unboxed","_kad_post_vertical_padding":"hide","_kad_post_feature":"hide","_kad_post_feature_position":"","_kad_post_header":false,"_kad_post_footer":false,"_kad_post_classname":"","footnotes":""},"class_list":["post-954","page","type-page","status-publish","has-post-thumbnail","hentry"],"_links":{"self":[{"href":"https:\/\/www.organiccoffee.pl\/index.php\/wp-json\/wp\/v2\/pages\/954","targetHints":{"allow":["GET"]}}],"collection":[{"href":"https:\/\/www.organiccoffee.pl\/index.php\/wp-json\/wp\/v2\/pages"}],"about":[{"href":"https:\/\/www.organiccoffee.pl\/index.php\/wp-json\/wp\/v2\/types\/page"}],"author":[{"embeddable":true,"href":"https:\/\/www.organiccoffee.pl\/index.php\/wp-json\/wp\/v2\/users\/1"}],"replies":[{"embeddable":true,"href":"https:\/\/www.organiccoffee.pl\/index.php\/wp-json\/wp\/v2\/comments?post=954"}],"version-history":[{"count":13,"href":"https:\/\/www.organiccoffee.pl\/index.php\/wp-json\/wp\/v2\/pages\/954\/revisions"}],"predecessor-version":[{"id":1778,"href":"https:\/\/www.organiccoffee.pl\/index.php\/wp-json\/wp\/v2\/pages\/954\/revisions\/1778"}],"wp:featuredmedia":[{"embeddable":true,"href":"https:\/\/www.organiccoffee.pl\/index.php\/wp-json\/wp\/v2\/media\/1211"}],"wp:attachment":[{"href":"https:\/\/www.organiccoffee.pl\/index.php\/wp-json\/wp\/v2\/media?parent=954"}],"curies":[{"name":"wp","href":"https:\/\/api.w.org\/{rel}","templated":true}]}}