{"id":947,"date":"2021-03-22T11:27:30","date_gmt":"2021-03-22T11:27:30","guid":{"rendered":"https:\/\/stage.startertemplatecloud.com\/g08\/?page_id=947"},"modified":"2023-04-28T07:19:59","modified_gmt":"2023-04-28T07:19:59","slug":"faq","status":"publish","type":"page","link":"https:\/\/www.organiccoffee.pl\/index.php\/faq\/","title":{"rendered":"FAQ"},"content":{"rendered":"<style>.kb-row-layout-id_16c109-72 > .kt-row-column-wrap{align-content:start;}:where(.kb-row-layout-id_16c109-72 > .kt-row-column-wrap) > .wp-block-kadence-column{justify-content:start;}.kb-row-layout-id_16c109-72 > .kt-row-column-wrap{column-gap:var(--global-kb-gap-none, 0rem );row-gap:var(--global-kb-gap-none, 0rem );max-width:1140px;margin-left:auto;margin-right:auto;padding-top:81px;padding-right:0px;padding-bottom:80px;padding-left:0px;grid-template-columns:minmax(0, 1fr);}.kb-row-layout-id_16c109-72 > .kt-row-layout-overlay{opacity:0.30;}@media all and (max-width: 1024px){.kb-row-layout-id_16c109-72 > .kt-row-column-wrap{padding-top:60px;padding-right:0px;padding-bottom:60px;padding-left:0px;grid-template-columns:minmax(0, 1fr);}}@media all and (max-width: 767px){.kb-row-layout-id_16c109-72 > .kt-row-column-wrap{padding-top:40px;padding-right:0px;padding-bottom:40px;padding-left:0px;grid-template-columns:minmax(0, 1fr);}}<\/style><div class=\"kb-row-layout-wrap kb-row-layout-id_16c109-72 alignnone wp-block-kadence-rowlayout\"><div class=\"kt-row-column-wrap kt-has-1-columns kt-row-layout-equal kt-tab-layout-inherit kt-mobile-layout-row kt-row-valign-top\">\n<style>.kadence-column_030211-18 > .kt-inside-inner-col{padding-top:10px;padding-right:10px;padding-bottom:10px;padding-left:10px;}.kadence-column_030211-18 > .kt-inside-inner-col,.kadence-column_030211-18 > .kt-inside-inner-col:before{border-top-left-radius:0px;border-top-right-radius:0px;border-bottom-right-radius:0px;border-bottom-left-radius:0px;}.kadence-column_030211-18 > .kt-inside-inner-col{column-gap:var(--global-kb-gap-sm, 1rem);}.kadence-column_030211-18 > .kt-inside-inner-col{flex-direction:column;}.kadence-column_030211-18 > .kt-inside-inner-col > .aligncenter{width:100%;}.kadence-column_030211-18 > .kt-inside-inner-col:before{opacity:0.3;}.kadence-column_030211-18{position:relative;}@media all and (max-width: 1024px){.kadence-column_030211-18 > .kt-inside-inner-col{flex-direction:column;justify-content:center;}}@media all and (max-width: 767px){.kadence-column_030211-18 > .kt-inside-inner-col{flex-direction:column;justify-content:center;}}<\/style>\n<div class=\"wp-block-kadence-column kadence-column_030211-18 inner-column-1\"><div class=\"kt-inside-inner-col\"><style>.kb-row-layout-id_f3404d-3b > .kt-row-column-wrap{align-content:start;}:where(.kb-row-layout-id_f3404d-3b > .kt-row-column-wrap) > .wp-block-kadence-column{justify-content:start;}.kb-row-layout-id_f3404d-3b > .kt-row-column-wrap{column-gap:var(--global-kb-gap-none, 0rem );row-gap:var(--global-kb-gap-none, 0rem );max-width:1140px;margin-left:auto;margin-right:auto;padding-top:0px;padding-right:0px;padding-bottom:0px;padding-left:0px;grid-template-columns:minmax(0, 1fr);}.kb-row-layout-id_f3404d-3b > .kt-row-layout-overlay{opacity:0.30;}@media all and (max-width: 1024px){.kb-row-layout-id_f3404d-3b > .kt-row-column-wrap{grid-template-columns:minmax(0, 1fr);}}@media all and (max-width: 767px){.kb-row-layout-id_f3404d-3b > .kt-row-column-wrap{grid-template-columns:minmax(0, 1fr);}}<\/style><div class=\"kb-row-layout-wrap kb-row-layout-id_f3404d-3b alignnone wp-block-kadence-rowlayout\"><div class=\"kt-row-column-wrap kt-has-1-columns kt-row-layout-equal kt-tab-layout-inherit kt-mobile-layout-row kt-row-valign-top\">\n<style>.kadence-column_a8f19c-dc > .kt-inside-inner-col{padding-top:10px;padding-right:10px;padding-bottom:10px;padding-left:10px;}.kadence-column_a8f19c-dc > .kt-inside-inner-col,.kadence-column_a8f19c-dc > .kt-inside-inner-col:before{border-top-left-radius:0px;border-top-right-radius:0px;border-bottom-right-radius:0px;border-bottom-left-radius:0px;}.kadence-column_a8f19c-dc > .kt-inside-inner-col{column-gap:var(--global-kb-gap-sm, 1rem);}.kadence-column_a8f19c-dc > .kt-inside-inner-col{flex-direction:column;}.kadence-column_a8f19c-dc > .kt-inside-inner-col > .aligncenter{width:100%;}.kadence-column_a8f19c-dc > .kt-inside-inner-col:before{opacity:0.3;}.kadence-column_a8f19c-dc{position:relative;}@media all and (max-width: 1024px){.kadence-column_a8f19c-dc > .kt-inside-inner-col{flex-direction:column;justify-content:center;}}@media all and (max-width: 767px){.kadence-column_a8f19c-dc > .kt-inside-inner-col{flex-direction:column;justify-content:center;}}<\/style>\n<div class=\"wp-block-kadence-column kadence-column_a8f19c-dc inner-column-1\"><div class=\"kt-inside-inner-col\"><style>.wp-block-kadence-advancedheading.kt-adv-heading_ff0047-03, .wp-block-kadence-advancedheading.kt-adv-heading_ff0047-03[data-kb-block=\"kb-adv-heading_ff0047-03\"]{margin-bottom:32px;text-align:left;font-style:normal;}.wp-block-kadence-advancedheading.kt-adv-heading_ff0047-03 mark.kt-highlight, .wp-block-kadence-advancedheading.kt-adv-heading_ff0047-03[data-kb-block=\"kb-adv-heading_ff0047-03\"] mark.kt-highlight{font-style:normal;color:#f76a0c;-webkit-box-decoration-break:clone;box-decoration-break:clone;padding-top:0px;padding-right:0px;padding-bottom:0px;padding-left:0px;}.wp-block-kadence-advancedheading.kt-adv-heading_ff0047-03 img.kb-inline-image, .wp-block-kadence-advancedheading.kt-adv-heading_ff0047-03[data-kb-block=\"kb-adv-heading_ff0047-03\"] img.kb-inline-image{width:150px;vertical-align:baseline;}<\/style>\n<h4 class=\"kt-adv-heading_ff0047-03 wp-block-kadence-advancedheading\" data-kb-block=\"kb-adv-heading_ff0047-03\">FAQ czyli najcz\u0119\u015bciej zadawane pytania<\/h4>\n\n\n<style>.kt-accordion-id_7db214-ae .kt-accordion-inner-wrap{column-gap:var(--global-kb-gap-md, 2rem);row-gap:1px;}.kt-accordion-id_7db214-ae .kt-accordion-panel-inner{border-top:0px solid transparent;border-right:2px solid transparent;border-bottom:2px solid transparent;border-left:2px solid transparent;padding-top:40px;padding-right:20px;padding-bottom:40px;padding-left:20px;}.kt-accordion-id_7db214-ae > .kt-accordion-inner-wrap > .wp-block-kadence-pane > .kt-accordion-header-wrap > .kt-blocks-accordion-header{border-top:2px solid var(--global-palette7, #EDF2F7);border-right:2px solid var(--global-palette7, #EDF2F7);border-bottom:2px solid var(--global-palette7, #EDF2F7);border-left:2px solid var(--global-palette7, #EDF2F7);border-top-left-radius:0px;border-top-right-radius:0px;border-bottom-right-radius:0px;border-bottom-left-radius:0px;font-size:20px;line-height:20px;letter-spacing:0px;text-transform:none;padding-top:28px;padding-right:20px;padding-bottom:28px;padding-left:20px;}.kt-accordion-id_7db214-ae > .kt-accordion-inner-wrap > .wp-block-kadence-pane > .kt-accordion-header-wrap > .kt-blocks-accordion-header:hover, \n\t\t\t\tbody:not(.hide-focus-outline) .kt-accordion-id_7db214-ae .kt-blocks-accordion-header:focus-visible{background:#ffffff;border-top:2px solid var(--global-palette7, #EDF2F7);border-right:2px solid var(--global-palette7, #EDF2F7);border-bottom:2px solid var(--global-palette7, #EDF2F7);border-left:2px solid var(--global-palette7, #EDF2F7);}.kt-accordion-id_7db214-ae:not( .kt-accodion-icon-style-basic ):not( .kt-accodion-icon-style-xclose ):not( .kt-accodion-icon-style-arrow ) .kt-accordion-header-wrap .kt-blocks-accordion-header:hover .kt-blocks-accordion-icon-trigger:after, .kt-accordion-id_7db214-ae:not( .kt-accodion-icon-style-basic ):not( .kt-accodion-icon-style-xclose ):not( .kt-accodion-icon-style-arrow ) .kt-accordion-header-wrap .kt-blocks-accordion-header:hover .kt-blocks-accordion-icon-trigger:before, body:not(.hide-focus-outline) .kt-accordion-id_7db214-ae:not( .kt-accodion-icon-style-basic ):not( .kt-accodion-icon-style-xclose ):not( .kt-accodion-icon-style-arrow ) .kt-accordion-header-wrap .kt-blocks-accordion-header:focus-visible .kt-blocks-accordion-icon-trigger:after, body:not(.hide-focus-outline) .kt-accordion-id_7db214-ae:not( .kt-accodion-icon-style-basic ):not( .kt-accodion-icon-style-xclose ):not( .kt-accodion-icon-style-arrow ) .kt-accordion-header-wrap .kt-blocks-accordion-header:focus-visible .kt-blocks-accordion-icon-trigger:before{background:#ffffff;}.kt-accordion-id_7db214-ae .kt-accordion-header-wrap .kt-blocks-accordion-header:focus-visible,\n\t\t\t\t.kt-accordion-id_7db214-ae > .kt-accordion-inner-wrap > .wp-block-kadence-pane > .kt-accordion-header-wrap > .kt-blocks-accordion-header.kt-accordion-panel-active{color:var(--global-palette1, #3182CE);background:#ffffff;border-top:2px solid var(--global-palette7, #EDF2F7);border-right:2px solid var(--global-palette7, #EDF2F7);border-bottom:2px solid var(--global-palette7, #EDF2F7);border-left:2px solid var(--global-palette7, #EDF2F7);}.kt-accordion-id_7db214-ae:not( .kt-accodion-icon-style-basiccircle ):not( .kt-accodion-icon-style-xclosecircle ):not( .kt-accodion-icon-style-arrowcircle )  > .kt-accordion-inner-wrap > .wp-block-kadence-pane > .kt-accordion-header-wrap > .kt-blocks-accordion-header.kt-accordion-panel-active .kt-blocks-accordion-icon-trigger:after, .kt-accordion-id_7db214-ae:not( .kt-accodion-icon-style-basiccircle ):not( .kt-accodion-icon-style-xclosecircle ):not( .kt-accodion-icon-style-arrowcircle )  > .kt-accordion-inner-wrap > .wp-block-kadence-pane > .kt-accordion-header-wrap > .kt-blocks-accordion-header.kt-accordion-panel-active .kt-blocks-accordion-icon-trigger:before{background:var(--global-palette1, #3182CE);}.kt-accordion-id_7db214-ae:not( .kt-accodion-icon-style-basic ):not( .kt-accodion-icon-style-xclose ):not( .kt-accodion-icon-style-arrow ) .kt-blocks-accordion-header.kt-accordion-panel-active .kt-blocks-accordion-icon-trigger{background:var(--global-palette1, #3182CE);}.kt-accordion-id_7db214-ae:not( .kt-accodion-icon-style-basic ):not( .kt-accodion-icon-style-xclose ):not( .kt-accodion-icon-style-arrow ) .kt-blocks-accordion-header.kt-accordion-panel-active .kt-blocks-accordion-icon-trigger:after, .kt-accordion-id_7db214-ae:not( .kt-accodion-icon-style-basic ):not( .kt-accodion-icon-style-xclose ):not( .kt-accodion-icon-style-arrow ) .kt-blocks-accordion-header.kt-accordion-panel-active .kt-blocks-accordion-icon-trigger:before{background:#ffffff;}@media all and (max-width: 1024px){.kt-accordion-id_7db214-ae .kt-accordion-panel-inner{border-top:0px solid transparent;border-right:2px solid transparent;border-bottom:2px solid transparent;border-left:2px solid transparent;}}@media all and (max-width: 1024px){.kt-accordion-id_7db214-ae > .kt-accordion-inner-wrap > .wp-block-kadence-pane > .kt-accordion-header-wrap > .kt-blocks-accordion-header{border-top:2px solid var(--global-palette7, #EDF2F7);border-right:2px solid var(--global-palette7, #EDF2F7);border-bottom:2px solid var(--global-palette7, #EDF2F7);border-left:2px solid var(--global-palette7, #EDF2F7);}}@media all and (max-width: 1024px){.kt-accordion-id_7db214-ae > .kt-accordion-inner-wrap > .wp-block-kadence-pane > .kt-accordion-header-wrap > .kt-blocks-accordion-header:hover, \n\t\t\t\tbody:not(.hide-focus-outline) .kt-accordion-id_7db214-ae .kt-blocks-accordion-header:focus-visible{border-top:2px solid var(--global-palette7, #EDF2F7);border-right:2px solid var(--global-palette7, #EDF2F7);border-bottom:2px solid var(--global-palette7, #EDF2F7);border-left:2px solid var(--global-palette7, #EDF2F7);}}@media all and (max-width: 1024px){.kt-accordion-id_7db214-ae .kt-accordion-header-wrap .kt-blocks-accordion-header:focus-visible,\n\t\t\t\t.kt-accordion-id_7db214-ae > .kt-accordion-inner-wrap > .wp-block-kadence-pane > .kt-accordion-header-wrap > .kt-blocks-accordion-header.kt-accordion-panel-active{border-top:2px solid var(--global-palette7, #EDF2F7);border-right:2px solid var(--global-palette7, #EDF2F7);border-bottom:2px solid var(--global-palette7, #EDF2F7);border-left:2px solid var(--global-palette7, #EDF2F7);}}@media all and (max-width: 767px){.kt-accordion-id_7db214-ae .kt-accordion-inner-wrap{display:block;}.kt-accordion-id_7db214-ae .kt-accordion-inner-wrap .kt-accordion-pane:not(:first-child){margin-top:1px;}.kt-accordion-id_7db214-ae .kt-accordion-panel-inner{border-top:0px solid transparent;border-right:2px solid transparent;border-bottom:2px solid transparent;border-left:2px solid transparent;}.kt-accordion-id_7db214-ae > .kt-accordion-inner-wrap > .wp-block-kadence-pane > .kt-accordion-header-wrap > .kt-blocks-accordion-header{border-top:2px solid var(--global-palette7, #EDF2F7);border-right:2px solid var(--global-palette7, #EDF2F7);border-bottom:2px solid var(--global-palette7, #EDF2F7);border-left:2px solid var(--global-palette7, #EDF2F7);}.kt-accordion-id_7db214-ae > .kt-accordion-inner-wrap > .wp-block-kadence-pane > .kt-accordion-header-wrap > .kt-blocks-accordion-header:hover, \n\t\t\t\tbody:not(.hide-focus-outline) .kt-accordion-id_7db214-ae .kt-blocks-accordion-header:focus-visible{border-top:2px solid var(--global-palette7, #EDF2F7);border-right:2px solid var(--global-palette7, #EDF2F7);border-bottom:2px solid var(--global-palette7, #EDF2F7);border-left:2px solid var(--global-palette7, #EDF2F7);}.kt-accordion-id_7db214-ae .kt-accordion-header-wrap .kt-blocks-accordion-header:focus-visible,\n\t\t\t\t.kt-accordion-id_7db214-ae > .kt-accordion-inner-wrap > .wp-block-kadence-pane > .kt-accordion-header-wrap > .kt-blocks-accordion-header.kt-accordion-panel-active{border-top:2px solid var(--global-palette7, #EDF2F7);border-right:2px solid var(--global-palette7, #EDF2F7);border-bottom:2px solid var(--global-palette7, #EDF2F7);border-left:2px solid var(--global-palette7, #EDF2F7);}}<\/style>\n<div class=\"wp-block-kadence-accordion alignnone\"><div class=\"kt-accordion-wrap kt-accordion-id_7db214-ae kt-accordion-has-6-panes kt-active-pane-0 kt-accordion-block kt-pane-header-alignment-left kt-accodion-icon-style-basic kt-accodion-icon-side-right\" style=\"max-width:none\"><div class=\"kt-accordion-inner-wrap\" data-allow-multiple-open=\"false\" data-start-open=\"0\">\n<div class=\"wp-block-kadence-pane kt-accordion-pane kt-accordion-pane-1 kt-pane_87208b-7f\"><div class=\"kt-accordion-header-wrap\"><button class=\"kt-blocks-accordion-header kt-acccordion-button-label-show\"><span class=\"kt-blocks-accordion-title-wrap\"><span class=\"kt-blocks-accordion-title\">Jak dotrze\u0107 do Organic Coffee?<\/span><\/span><span class=\"kt-blocks-accordion-icon-trigger\"><\/span><\/button><\/div><div class=\"kt-accordion-panel kt-accordion-panel-hidden\"><div class=\"kt-accordion-panel-inner\">\n<p>Mo\u017cna przyjecha\u0107 do nas samochodem, komunikacj\u0105 miejsk\u0105 lub rowerem czy te\u017c pieszo. Tramwaj nr 6 lub 20 w kierunku Cichy K\u0105cik, przystanek Oleandry lub autobusy na przystanek Muzeum Narodowe.<\/p>\n<\/div><\/div><\/div>\n\n\n\n<div class=\"wp-block-kadence-pane kt-accordion-pane kt-accordion-pane-2 kt-pane_21e243-4f\"><div class=\"kt-accordion-header-wrap\"><button class=\"kt-blocks-accordion-header kt-acccordion-button-label-show\"><span class=\"kt-blocks-accordion-title-wrap\"><span class=\"kt-blocks-accordion-title\">Gdzie najlepiej zostawi\u0107 samoch\u00f3d?<\/span><\/span><span class=\"kt-blocks-accordion-icon-trigger\"><\/span><\/button><\/div><div class=\"kt-accordion-panel kt-accordion-panel-hidden\"><div class=\"kt-accordion-panel-inner\">\n<p>Najbli\u017csze miejsca parkingowe dost\u0119pne s\u0105 przy ulicy Ingardena lub wzd\u0142u\u017c B\u0142o\u0144 (Aleja 3. Maja). Pami\u0119taj, \u017ce od poniedzia\u0142ku do soboty w godzinach od 10 do 20 jest to miejska strefa p\u0142atnego parkowania. Dost\u0119pny jest tak\u017ce p\u0142atny parking przy stadionie Wis\u0142y Krak\u00f3w.<\/p>\n<\/div><\/div><\/div>\n\n\n\n<div class=\"wp-block-kadence-pane kt-accordion-pane kt-accordion-pane-3 kt-pane_1b7d54-bc\"><div class=\"kt-accordion-header-wrap\"><button class=\"kt-blocks-accordion-header kt-acccordion-button-label-show\"><span class=\"kt-blocks-accordion-title-wrap\"><span class=\"kt-blocks-accordion-title\">Czy w kawiarni jest bezp\u0142atne wi-fi?<\/span><\/span><span class=\"kt-blocks-accordion-icon-trigger\"><\/span><\/button><\/div><div class=\"kt-accordion-panel kt-accordion-panel-hidden\"><div class=\"kt-accordion-panel-inner\">\n<p>Jak najbardziej. Cho\u0107 nie polecamy takiej formy sp\u0119dzania wolnego czasu \ud83d\ude09 Natomiast serdecznie zapraszamy do korzystania z kawiarni jako wygodnego miejsca do pracy.<\/p>\n<\/div><\/div><\/div>\n\n\n\n<div class=\"wp-block-kadence-pane kt-accordion-pane kt-accordion-pane-4 kt-pane_28a349-56\"><div class=\"kt-accordion-header-wrap\"><button class=\"kt-blocks-accordion-header kt-acccordion-button-label-show\"><span class=\"kt-blocks-accordion-title-wrap\"><span class=\"kt-blocks-accordion-title\">Czy Organic Coffee to miejsce przyjazne dzieciom?<\/span><\/span><span class=\"kt-blocks-accordion-icon-trigger\"><\/span><\/button><\/div><div class=\"kt-accordion-panel kt-accordion-panel-hidden\"><div class=\"kt-accordion-panel-inner\">\n<p>Pewnie! Dzieci to nasi ulubieni klienci. Udost\u0119pniamy krzese\u0142ka dla dzieci, gry, ksi\u0105\u017cki oraz miejsce w \u0142azience do przewijania najm\u0142odszych. Teren Parku Jordana to idealna przestrze\u0144 na sp\u0119dzanie czasu w gronie rodzinnym.<\/p>\n<\/div><\/div><\/div>\n\n\n\n<div class=\"wp-block-kadence-pane kt-accordion-pane kt-accordion-pane-5 kt-pane_7ec0b0-df\"><div class=\"kt-accordion-header-wrap\"><button class=\"kt-blocks-accordion-header kt-acccordion-button-label-show\"><span class=\"kt-blocks-accordion-title-wrap\"><span class=\"kt-blocks-accordion-title\">Czy Organic Coffee to miejsce przyjazne zwierz\u0119tom?<\/span><\/span><span class=\"kt-blocks-accordion-icon-trigger\"><\/span><\/button><\/div><div class=\"kt-accordion-panel kt-accordion-panel-hidden\"><div class=\"kt-accordion-panel-inner\">\n<p>Oczywi\u015bcie. Dla Twojego pupila zapewniamy \u015bwie\u017c\u0105 wod\u0119 i wygodne miejsce do le\u017cenia, zar\u00f3wno wewn\u0105trz, jak i na zewn\u0105trz kawiarni.<\/p>\n<\/div><\/div><\/div>\n\n\n\n<div class=\"wp-block-kadence-pane kt-accordion-pane kt-accordion-pane-6 kt-pane_930640-a7\"><div class=\"kt-accordion-header-wrap\"><button class=\"kt-blocks-accordion-header kt-acccordion-button-label-show\"><span class=\"kt-blocks-accordion-title-wrap\"><span class=\"kt-blocks-accordion-title\">Czy w kawiarni mo\u017cna p\u0142aci\u0107 kart\u0105?<\/span><\/span><span class=\"kt-blocks-accordion-icon-trigger\"><\/span><\/button><\/div><div class=\"kt-accordion-panel kt-accordion-panel-hidden\"><div class=\"kt-accordion-panel-inner\">\n<p>Tak, mamy dost\u0119pny terminal. Mo\u017cna r\u00f3wnie\u017c zap\u0142aci\u0107 got\u00f3wk\u0105, telefonem, zegarkiem i BLIKiem \ud83d\ude42 Wybieraj na co masz ochot\u0119 i p\u0142a\u0107 tak, jak lubisz.<\/p>\n<\/div><\/div><\/div>\n<\/div><\/div><\/div>\n<\/div><\/div>\n\n<\/div><\/div><\/div><\/div>\n\n<\/div><\/div>","protected":false},"excerpt":{"rendered":"<p>FAQ czyli najcz\u0119\u015bciej zadawane pytania<\/p>\n","protected":false},"author":1,"featured_media":1212,"parent":0,"menu_order":0,"comment_status":"closed","ping_status":"closed","template":"","meta":{"_themeisle_gutenberg_block_has_review":false,"_kadence_starter_templates_imported_post":true,"_kad_post_transparent":"","_kad_post_title":"","_kad_post_layout":"fullwidth","_kad_post_sidebar_id":"","_kad_post_content_style":"unboxed","_kad_post_vertical_padding":"hide","_kad_post_feature":"hide","_kad_post_feature_position":"","_kad_post_header":false,"_kad_post_footer":false,"_kad_post_classname":"","footnotes":""},"class_list":["post-947","page","type-page","status-publish","has-post-thumbnail","hentry"],"_links":{"self":[{"href":"https:\/\/www.organiccoffee.pl\/index.php\/wp-json\/wp\/v2\/pages\/947","targetHints":{"allow":["GET"]}}],"collection":[{"href":"https:\/\/www.organiccoffee.pl\/index.php\/wp-json\/wp\/v2\/pages"}],"about":[{"href":"https:\/\/www.organiccoffee.pl\/index.php\/wp-json\/wp\/v2\/types\/page"}],"author":[{"embeddable":true,"href":"https:\/\/www.organiccoffee.pl\/index.php\/wp-json\/wp\/v2\/users\/1"}],"replies":[{"embeddable":true,"href":"https:\/\/www.organiccoffee.pl\/index.php\/wp-json\/wp\/v2\/comments?post=947"}],"version-history":[{"count":9,"href":"https:\/\/www.organiccoffee.pl\/index.php\/wp-json\/wp\/v2\/pages\/947\/revisions"}],"predecessor-version":[{"id":1762,"href":"https:\/\/www.organiccoffee.pl\/index.php\/wp-json\/wp\/v2\/pages\/947\/revisions\/1762"}],"wp:featuredmedia":[{"embeddable":true,"href":"https:\/\/www.organiccoffee.pl\/index.php\/wp-json\/wp\/v2\/media\/1212"}],"wp:attachment":[{"href":"https:\/\/www.organiccoffee.pl\/index.php\/wp-json\/wp\/v2\/media?parent=947"}],"curies":[{"name":"wp","href":"https:\/\/api.w.org\/{rel}","templated":true}]}}